{"id":8,"date":"2023-01-25T12:57:42","date_gmt":"2023-01-25T11:57:42","guid":{"rendered":"https:\/\/charmessurrhone.fr\/?page_id=8"},"modified":"2024-07-23T09:56:19","modified_gmt":"2024-07-23T07:56:19","slug":"accueil","status":"publish","type":"page","link":"https:\/\/charmessurrhone.fr\/index.php\/accueil\/","title":{"rendered":""},"content":{"rendered":"\n<p class=\"has-text-align-center\" style=\"font-size:38px\"><strong> <mark style=\"background-color:rgba(0, 0, 0, 0)\" class=\"has-inline-color has-accent-color\">Commune de Charmes-sur-Rh\u00f4ne<\/mark><\/strong><\/p>\n\n\n<div class=\"wp-block-image\">\n<figure class=\"aligncenter size-large\"><img fetchpriority=\"high\" decoding=\"async\" width=\"1024\" height=\"1024\" src=\"https:\/\/charmessurrhone.fr\/wp-content\/uploads\/2024\/01\/391761295_1368377863758720_174995603447126329_n-1024x1024.jpg\" alt=\"\" class=\"wp-image-1155\" srcset=\"https:\/\/charmessurrhone.fr\/wp-content\/uploads\/2024\/01\/391761295_1368377863758720_174995603447126329_n-1024x1024.jpg 1024w, https:\/\/charmessurrhone.fr\/wp-content\/uploads\/2024\/01\/391761295_1368377863758720_174995603447126329_n-300x300.jpg 300w, https:\/\/charmessurrhone.fr\/wp-content\/uploads\/2024\/01\/391761295_1368377863758720_174995603447126329_n-150x150.jpg 150w, https:\/\/charmessurrhone.fr\/wp-content\/uploads\/2024\/01\/391761295_1368377863758720_174995603447126329_n-768x768.jpg 768w, https:\/\/charmessurrhone.fr\/wp-content\/uploads\/2024\/01\/391761295_1368377863758720_174995603447126329_n-1536x1536.jpg 1536w, https:\/\/charmessurrhone.fr\/wp-content\/uploads\/2024\/01\/391761295_1368377863758720_174995603447126329_n.jpg 2048w\" sizes=\"(max-width: 1024px) 100vw, 1024px\" \/><figcaption class=\"wp-element-caption\">Commune de Charmes sur Rh\u00f4ne <\/figcaption><\/figure>\n<\/div>\n\n\n<p>Horaires d'ouvertures (<strong><em>attention jusqu'au 31 ao\u00fbt horaires d'\u00e9t\u00e9 <\/em><\/strong>).<\/p>\n\n\n\n<p><strong><em><mark style=\"background-color:rgba(0, 0, 0, 0)\" class=\"has-inline-color has-accent-color\">Horaires d'\u00e9t\u00e9 :<\/mark><\/em><\/strong><\/p>\n\n\n\n<p>lundi 08h30 12h00 \/ 14h30 17h30 <\/p>\n\n\n\n<p>Mardi 08h30 12h00 \/ 14h30 17h30 <\/p>\n\n\n\n<p>Mercredi 08h30 12h00 \/ 14h30 17h30 <\/p>\n\n\n\n<p>jeudi 08h30 12h00 \/ 14h30 17h30 <\/p>\n\n\n\n<p>Vendredi 08h30 12h00 \/ 14h30 17h30 <\/p>\n\n\n\n<p> <\/p>\n\n\n\n<p><strong><em><mark style=\"background-color:rgba(0, 0, 0, 0)\" class=\"has-inline-color has-accent-color\">Horaires habituels<\/mark><\/em><\/strong><\/p>\n\n\n\n<p>Lundi 08h30 12h00 \/ 15h00 17h30<\/p>\n\n\n\n<p>Mardi 08h30 12h00 \/ 15h00 19h00<\/p>\n\n\n\n<p>Mercredi 08h30 12h00 \/ 15h00 17h30<\/p>\n\n\n\n<p>Jeudi 08h30 12h00 \/ 15h00 19h00<\/p>\n\n\n\n<p>Vendredi 08h30 12h00 \/ 15h00 17h00<\/p>\n\n\n\n<script data-js='tribe-events-view-nonce-data' type='application\/json'>{\"tvn1\":\"933cef94ff\",\"tvn2\":\"\"}<\/script>\n\n\n\n<p><strong><mark style=\"background-color:rgba(0, 0, 0, 0)\" class=\"has-inline-color has-accent-color\">Suivez nous : <\/mark><\/strong><\/p>\n\n\n\n<ul class=\"wp-block-list\">\n<li><strong><mark style=\"background-color:rgba(0, 0, 0, 0)\" class=\"has-inline-color has-accent-color\">Facebook<\/mark><\/strong>   https:\/\/www.facebook.com\/mairiecharmessurrhone\/<\/li>\n\n\n\n<li><strong><mark style=\"background-color:rgba(0, 0, 0, 0)\" class=\"has-inline-color has-accent-color\">Instagram <\/mark><\/strong> https:\/\/www.instagram.com\/mairie_charmes_sur_rhone\/<\/li>\n\n\n\n<li><strong><mark style=\"background-color:rgba(0, 0, 0, 0)\" class=\"has-inline-color has-accent-color\">YouTube<\/mark><\/strong>    https:\/\/www.youtube.com\/@mairiedecharmessurrhone8301\/featured<\/li>\n\n\n\n<li><strong><mark style=\"background-color:rgba(0, 0, 0, 0)\" class=\"has-inline-color has-accent-color\">CityAll    <\/mark><\/strong>    Application disponible sur <strong><em>Google Play<\/em><\/strong> et <em><strong>App Store <\/strong><\/em><\/li>\n<\/ul>\n","protected":false},"excerpt":{"rendered":"<p>Commune de Charmes-sur-Rh\u00f4ne Horaires d'ouvertures (attention jusqu'au 31 ao\u00fbt horaires d'\u00e9t\u00e9 ). Horaires d'\u00e9t\u00e9 : lundi 08h30 12h00 \/ 14h30 17h30 Mardi 08h30 12h00 \/ 14h30 17h30 Mercredi 08h30 12h00 [&hellip;]<\/p>\n","protected":false},"author":3,"featured_media":0,"parent":0,"menu_order":0,"comment_status":"closed","ping_status":"closed","template":"","meta":{"footnotes":""},"class_list":["post-8","page","type-page","status-publish","hentry"],"aioseo_notices":[],"_links":{"self":[{"href":"https:\/\/charmessurrhone.fr\/index.php\/wp-json\/wp\/v2\/pages\/8","targetHints":{"allow":["GET"]}}],"collection":[{"href":"https:\/\/charmessurrhone.fr\/index.php\/wp-json\/wp\/v2\/pages"}],"about":[{"href":"https:\/\/charmessurrhone.fr\/index.php\/wp-json\/wp\/v2\/types\/page"}],"author":[{"embeddable":true,"href":"https:\/\/charmessurrhone.fr\/index.php\/wp-json\/wp\/v2\/users\/3"}],"replies":[{"embeddable":true,"href":"https:\/\/charmessurrhone.fr\/index.php\/wp-json\/wp\/v2\/comments?post=8"}],"version-history":[{"count":0,"href":"https:\/\/charmessurrhone.fr\/index.php\/wp-json\/wp\/v2\/pages\/8\/revisions"}],"wp:attachment":[{"href":"https:\/\/charmessurrhone.fr\/index.php\/wp-json\/wp\/v2\/media?parent=8"}],"curies":[{"name":"wp","href":"https:\/\/api.w.org\/{rel}","templated":true}]}}